{"id":169,"date":"2020-09-17T10:03:28","date_gmt":"2020-09-17T08:03:28","guid":{"rendered":"https:\/\/www.beautycalumma.be\/shop\/?post_type=product&#038;p=169"},"modified":"2024-12-13T14:00:39","modified_gmt":"2024-12-13T13:00:39","slug":"pro-nails-longwear-finish-10ml","status":"publish","type":"product","link":"https:\/\/www.beautycalumma.be\/shop\/product\/pro-nails-longwear-finish-10ml\/","title":{"rendered":"Pro Nails &#8211; LongWear Finish (10ml)"},"content":{"rendered":"<p>Breng \u00e9\u00e9n laag LongWear Start aan. Kies de gewenste kleur en breng 2 lagen LongWear Colour aan. Laat twee minuten drogen. Breng \u00e9\u00e9n laag LongWear Finish aan en laat drogen.<\/p>\n","protected":false},"excerpt":{"rendered":"<p>LongWear finishing top coat garandeert een record draagtijd dankzij de LongWear Colourfix Technology\u2122 en een schitterende glans.\u00a0Eenvoudig en snel te verwijderen met Non Acetone Polish Remover.<\/p>\n","protected":false},"featured_media":250,"template":"","meta":[],"product_brand":[],"product_cat":[63],"product_tag":[67],"class_list":{"0":"post-169","1":"product","2":"type-product","3":"status-publish","4":"has-post-thumbnail","6":"product_cat-pro-nails-longwear-nagellak","7":"product_tag-nagellak","9":"first","10":"instock","11":"shipping-taxable","12":"purchasable","13":"product-type-simple"},"_links":{"self":[{"href":"https:\/\/www.beautycalumma.be\/shop\/wp-json\/wp\/v2\/product\/169","targetHints":{"allow":["GET"]}}],"collection":[{"href":"https:\/\/www.beautycalumma.be\/shop\/wp-json\/wp\/v2\/product"}],"about":[{"href":"https:\/\/www.beautycalumma.be\/shop\/wp-json\/wp\/v2\/types\/product"}],"wp:featuredmedia":[{"embeddable":true,"href":"https:\/\/www.beautycalumma.be\/shop\/wp-json\/wp\/v2\/media\/250"}],"wp:attachment":[{"href":"https:\/\/www.beautycalumma.be\/shop\/wp-json\/wp\/v2\/media?parent=169"}],"wp:term":[{"taxonomy":"product_brand","embeddable":true,"href":"https:\/\/www.beautycalumma.be\/shop\/wp-json\/wp\/v2\/product_brand?post=169"},{"taxonomy":"product_cat","embeddable":true,"href":"https:\/\/www.beautycalumma.be\/shop\/wp-json\/wp\/v2\/product_cat?post=169"},{"taxonomy":"product_tag","embeddable":true,"href":"https:\/\/www.beautycalumma.be\/shop\/wp-json\/wp\/v2\/product_tag?post=169"}],"curies":[{"name":"wp","href":"https:\/\/api.w.org\/{rel}","templated":true}]}}