{"id":1839,"date":"2025-07-11T14:53:15","date_gmt":"2025-07-11T12:53:15","guid":{"rendered":"https:\/\/www.beautycalumma.be\/shop\/?post_type=product&#038;p=1839"},"modified":"2025-07-11T14:53:15","modified_gmt":"2025-07-11T12:53:15","slug":"marc-inbane-tinted-spf50-powder","status":"publish","type":"product","link":"https:\/\/www.beautycalumma.be\/shop\/product\/marc-inbane-tinted-spf50-powder\/","title":{"rendered":"Marc Inbane &#8211; tinted SPF50 powder"},"content":{"rendered":"","protected":false},"excerpt":{"rendered":"<div class=\"product-short-description-short\">Bescherm je huid het hele jaar door met onze Mineral SPF50 Powder &#8211; d\u00e9 ultieme combinatie van zonbescherming, een teint en setting powder in \u00e9\u00e9n!<\/p>\n<p>Dit geavanceerde poeder biedt een ongekend breed spectrum bescherming tegen UVA, UVB en blauw licht, terwijl het tegelijkertijd de huid een natuurlijke teint geeft zonder overmatige glans. De verfijnde minerale formule voelt zijdezacht aan en<\/p><\/div>\n<div class=\"product-short-description-more\">\u00a0blendt moeiteloos met je natuurlijke huidskleur voor een egale en verzorgde uitstraling. Kan over make-up gedragen worden.<\/div>\n","protected":false},"featured_media":1840,"template":"","meta":[],"product_brand":[],"product_cat":[38],"product_tag":[],"class_list":{"0":"post-1839","1":"product","2":"type-product","3":"status-publish","4":"has-post-thumbnail","6":"product_cat-zelfbruiner","8":"first","9":"instock","10":"shipping-taxable","11":"purchasable","12":"product-type-simple"},"_links":{"self":[{"href":"https:\/\/www.beautycalumma.be\/shop\/wp-json\/wp\/v2\/product\/1839","targetHints":{"allow":["GET"]}}],"collection":[{"href":"https:\/\/www.beautycalumma.be\/shop\/wp-json\/wp\/v2\/product"}],"about":[{"href":"https:\/\/www.beautycalumma.be\/shop\/wp-json\/wp\/v2\/types\/product"}],"wp:featuredmedia":[{"embeddable":true,"href":"https:\/\/www.beautycalumma.be\/shop\/wp-json\/wp\/v2\/media\/1840"}],"wp:attachment":[{"href":"https:\/\/www.beautycalumma.be\/shop\/wp-json\/wp\/v2\/media?parent=1839"}],"wp:term":[{"taxonomy":"product_brand","embeddable":true,"href":"https:\/\/www.beautycalumma.be\/shop\/wp-json\/wp\/v2\/product_brand?post=1839"},{"taxonomy":"product_cat","embeddable":true,"href":"https:\/\/www.beautycalumma.be\/shop\/wp-json\/wp\/v2\/product_cat?post=1839"},{"taxonomy":"product_tag","embeddable":true,"href":"https:\/\/www.beautycalumma.be\/shop\/wp-json\/wp\/v2\/product_tag?post=1839"}],"curies":[{"name":"wp","href":"https:\/\/api.w.org\/{rel}","templated":true}]}}