{"id":494,"date":"2020-09-22T14:20:16","date_gmt":"2020-09-22T12:20:16","guid":{"rendered":"https:\/\/www.beautycalumma.be\/shop\/?post_type=product&#038;p=494"},"modified":"2026-02-12T16:31:10","modified_gmt":"2026-02-12T15:31:10","slug":"purexpert-exfoliating-dermo-purifying-mask","status":"publish","type":"product","link":"https:\/\/www.beautycalumma.be\/shop\/product\/purexpert-exfoliating-dermo-purifying-mask\/","title":{"rendered":"Purexpert &#8211; Exfoliating Dermo-Purifying Mask"},"content":{"rendered":"<p>Door middel van een lichte massage opbrengen op de schone huid. Een 10 minuten laten inwerken totdat het droog is. Het is raadzaam het product niet langer te laten inwerken. Verwijderen met veel water. 1 of 2 maal per week gebruiken, afhankelijk van de behoefte en de gevoeligheid van de huid.<\/p>\n","protected":false},"excerpt":{"rendered":"<p>Ideaal om het aanzien van de vette huid met onzuiverheden in slechts enkele minuten te verbeteren. Het masker zuivert, exfolieert en minimaliseert de pori\u00ebn.<\/p>\n<p>Een exfoli\u00ebrend masker op basis van rode klei dat de huid diep reinigt en zuivert, en de pori\u00ebn minimaliseert. Geschikt voor een gemengde, vette en acn\u00e9 huid.<\/p>\n<p>Na het aanbrengen, werd bevonden dat:<br \/>\n\u2022 100% vond zijn huid meer zuiver<br \/>\n\u2022 90% vond zijn huid gematteerd<br \/>\n\u2022 90% van de proefpersonen vond dat zijn huid een beter aanzien had<br \/>\n*op basis van zelfevaluatie, getest bij 20 personen tussen 16 en 30 jaar die het masker 1 keer per week gedurende 1 maand hebben gebruikt.<\/p>\n","protected":false},"featured_media":495,"template":"","meta":[],"product_brand":[],"product_cat":[98,52],"product_tag":[120,122],"class_list":{"0":"post-494","1":"product","2":"type-product","3":"status-publish","4":"has-post-thumbnail","6":"product_cat-pureexpert-vette-normale-gemengde-huid-acne","7":"product_cat-maskers","8":"product_tag-masker","9":"product_tag-purexpert","11":"first","12":"instock","13":"shipping-taxable","14":"purchasable","15":"product-type-simple"},"_links":{"self":[{"href":"https:\/\/www.beautycalumma.be\/shop\/wp-json\/wp\/v2\/product\/494","targetHints":{"allow":["GET"]}}],"collection":[{"href":"https:\/\/www.beautycalumma.be\/shop\/wp-json\/wp\/v2\/product"}],"about":[{"href":"https:\/\/www.beautycalumma.be\/shop\/wp-json\/wp\/v2\/types\/product"}],"wp:featuredmedia":[{"embeddable":true,"href":"https:\/\/www.beautycalumma.be\/shop\/wp-json\/wp\/v2\/media\/495"}],"wp:attachment":[{"href":"https:\/\/www.beautycalumma.be\/shop\/wp-json\/wp\/v2\/media?parent=494"}],"wp:term":[{"taxonomy":"product_brand","embeddable":true,"href":"https:\/\/www.beautycalumma.be\/shop\/wp-json\/wp\/v2\/product_brand?post=494"},{"taxonomy":"product_cat","embeddable":true,"href":"https:\/\/www.beautycalumma.be\/shop\/wp-json\/wp\/v2\/product_cat?post=494"},{"taxonomy":"product_tag","embeddable":true,"href":"https:\/\/www.beautycalumma.be\/shop\/wp-json\/wp\/v2\/product_tag?post=494"}],"curies":[{"name":"wp","href":"https:\/\/api.w.org\/{rel}","templated":true}]}}